{"id":882,"date":"2018-06-29T18:08:44","date_gmt":"2018-06-29T21:08:44","guid":{"rendered":"https:\/\/ifdccavero-lrj.infd.edu.ar\/sitio\/plan-de-estudios-2015\/"},"modified":"2022-11-12T20:33:12","modified_gmt":"2022-11-12T23:33:12","slug":"plan-de-estudios-2015","status":"publish","type":"page","link":"https:\/\/ifdccavero-lrj.infd.edu.ar\/sitio\/plan-de-estudios-2015\/","title":{"rendered":"Plan de estudios"},"content":{"rendered":"<table style=\"color: Cornsilk; text-shadow: 0 0 5px Black; background-attachment: revert; background-repeat:no-repeat; background-size: cover;\" background=\"https:\/\/images-wixmp-ed30a86b8c4ca887773594c2.wixmp.com\/f\/5f7a6791-dbaa-48bb-9f88-eb2175723ba0\/d5tg4cy-c5dc6676-bd98-4d47-93aa-430cf2531f4f.jpg?token=eyJ0eXAiOiJKV1QiLCJhbGciOiJIUzI1NiJ9.eyJzdWIiOiJ1cm46YXBwOjdlMGQxODg5ODIyNjQzNzNhNWYwZDQxNWVhMGQyNmUwIiwiaXNzIjoidXJuOmFwcDo3ZTBkMTg4OTgyMjY0MzczYTVmMGQ0MTVlYTBkMjZlMCIsIm9iaiI6W1t7InBhdGgiOiJcL2ZcLzVmN2E2NzkxLWRiYWEtNDhiYi05Zjg4LWViMjE3NTcyM2JhMFwvZDV0ZzRjeS1jNWRjNjY3Ni1iZDk4LTRkNDctOTNhYS00MzBjZjI1MzFmNGYuanBnIn1dXSwiYXVkIjpbInVybjpzZXJ2aWNlOmZpbGUuZG93bmxvYWQiXX0.j2EBK-vqEGnBoNedURol4hEU0H1bOk_KWjvSHAExEVY\">\n<tbody>\n<tr>\n<th style=\"text-align: center;\">A\u00f1o<\/th>\n<th style=\"text-align: center;\">Espacio Curricular<\/th>\n<th style=\"text-align: center;\">R\u00e9gimen de Cursado<\/th>\n<\/tr>\n<tr style=\"background-color: rgba(215,223,223, 0.2);\">\n<th style=\"background-color: rgba(215,223,223, 0.2); text-align: center;\" rowspan=\"9\">1<\/th>\n<td>Pedagog\u00eda<\/td>\n<td style=\"text-align: center;\">Anual<\/td>\n<\/tr>\n<tr style=\"background-color: rgba(215,223,223, 0.2);\">\n<td>Filosof\u00eda<\/td>\n<td style=\"text-align: center;\">Cuatrimestral<\/td>\n<\/tr>\n<tr style=\"background-color: rgba(215,223,223, 0.2);\">\n<td>Taller de Lectura y Escritura Acad\u00e9mica<\/td>\n<td style=\"text-align: center;\">Anual<\/td>\n<\/tr>\n<tr style=\"background-color: rgba(215,223,223, 0.2);\">\n<td>Practica I: Introducci\u00f3n a la realidad educativa de las instituciones y sus contextos<\/td>\n<td style=\"text-align: center;\">Anual<\/td>\n<\/tr>\n<tr style=\"background-color: rgba(215,223,223, 0.2);\">\n<td>Lengua-Cultura Inglesa I<\/td>\n<td style=\"text-align: center;\">Anual<\/td>\n<\/tr>\n<tr style=\"background-color: rgba(215,223,223, 0.2);\">\n<td>Gram\u00e1tica Inglesa I<\/td>\n<td style=\"text-align: center;\">Anual<\/td>\n<\/tr>\n<tr style=\"background-color: rgba(215,223,223, 0.2);\">\n<td>Introducci\u00f3n a la Fon\u00e9tica y la<br \/>\nFonolog\u00eda<\/td>\n<td style=\"text-align: center;\">Anual<\/td>\n<\/tr>\n<tr style=\"background-color: rgba(215,223,223, 0.2);\">\n<td>Problem\u00e1ticas de la Educaci\u00f3n<\/td>\n<td style=\"text-align: center;\">Cuatrimestral<\/td>\n<\/tr>\n<tr style=\"background-color: rgba(215,223,223, 0.2);\">\n<td>Taller de Lengua Espa\u00f1ola<\/td>\n<td style=\"text-align: center;\">Cuatrimestral<\/td>\n<\/tr>\n<tr style=\"background-color: rgba(200,127,80, 0.5);\">\n<th style=\"background-color: rgba(200,127,80, 0.5); text-align: center;\" rowspan=\"9\">2<\/th>\n<td>Psicolog\u00eda Educacional<\/td>\n<td style=\"text-align: center;\">Anual<\/td>\n<\/tr>\n<tr style=\"background-color: rgba(200,127,80, 0.5);\">\n<td>Lenguaje multimedial<\/td>\n<td style=\"text-align: center;\">Cuatrimestral<\/td>\n<\/tr>\n<tr style=\"background-color: rgba(200,127,80, 0.5);\">\n<td>Did\u00e1ctica General<\/td>\n<td style=\"text-align: center;\">Anual<\/td>\n<\/tr>\n<tr style=\"background-color: rgba(200,127,80, 0.5);\">\n<td>Pr\u00e1ctica II: Organizaci\u00f3n de la<br \/>\ntarea docente y coordinaci\u00f3n de<br \/>\ngrupos de aprendizaje<\/td>\n<td style=\"text-align: center;\">Anual<\/td>\n<\/tr>\n<tr style=\"background-color: rgba(200,127,80, 0.5);\">\n<td>Sujeto de la Educaci\u00f3n<\/td>\n<td style=\"text-align: center;\">Anual<\/td>\n<\/tr>\n<tr style=\"background-color: rgba(200,127,80, 0.5);\">\n<td>Lengua\u2013Cultura Inglesa II<\/td>\n<td style=\"text-align: center;\">Anual<\/td>\n<\/tr>\n<tr style=\"background-color: rgba(200,127,80, 0.5);\">\n<td>Gram\u00e1tica Inglesa II<\/td>\n<td style=\"text-align: center;\">Anual<\/td>\n<\/tr>\n<tr style=\"background-color: rgba(200,127,80, 0.5);\">\n<td>Fon\u00e9tica y Fonolog\u00eda I<\/td>\n<td style=\"text-align: center;\">Anual<\/td>\n<\/tr>\n<tr style=\"background-color: rgba(200,127,80, 0.5);\">\n<td>Did\u00e1ctica del Ingl\u00e9s para la<br \/>\nEducaci\u00f3n Inicial y primaria<\/td>\n<td style=\"text-align: center;\">Cuatrimestral<\/td>\n<\/tr>\n<tr style=\"background-color: rgba(120,100,80, 0.5);\">\n<th style=\"background-color: rgba(120,100,80, 0.5); text-align: center;\" rowspan=\"9\">3<\/th>\n<td>Sociolog\u00eda de la Educaci\u00f3n<\/td>\n<td style=\"text-align: center;\">Cuatrimestral<\/td>\n<\/tr>\n<tr style=\"background-color: rgba(120,100,80, 0.5);\">\n<td>Investigaci\u00f3n Educativa<\/td>\n<td style=\"text-align: center;\">Anual<\/td>\n<\/tr>\n<tr style=\"background-color: rgba(120,100,80, 0.5);\">\n<td>Historia y Pol\u00edtica de la Educaci\u00f3n Argentina<\/td>\n<td style=\"text-align: center;\">Anual<\/td>\n<\/tr>\n<tr style=\"background-color: rgba(120,100,80, 0.5);\">\n<td>Lengua-Cultura Inglesa III<\/td>\n<td style=\"text-align: center;\">Anual<\/td>\n<\/tr>\n<tr style=\"background-color: rgba(120,100,80, 0.5);\">\n<td>Ling\u00fc\u00edstica Moderna I<\/td>\n<td style=\"text-align: center;\">Anual<\/td>\n<\/tr>\n<tr style=\"background-color: rgba(120,100,80, 0.5);\">\n<td>Fon\u00e9tica y Fonolog\u00eda II<\/td>\n<td style=\"text-align: center;\">Anual<\/td>\n<\/tr>\n<tr style=\"background-color: rgba(120,100,80, 0.5);\">\n<td>Literatura Inglesa y angl\u00f3fona I<\/td>\n<td style=\"text-align: center;\">Anual<\/td>\n<\/tr>\n<tr style=\"background-color: rgba(120,100,80, 0.5);\">\n<td>Did\u00e1ctica del Ingl\u00e9s para la Educaci\u00f3n Secundaria<\/td>\n<td style=\"text-align: center;\">Anual<\/td>\n<\/tr>\n<tr style=\"background-color: rgba(120,100,80, 0.5);\">\n<td>Residencia en Educaci\u00f3n Inicial y Primaria<\/td>\n<td style=\"text-align: center;\">Anual<\/td>\n<\/tr>\n<tr style=\"background-color: rgba(200,50,80, 0.2);\">\n<th style=\"text-align: center;\" rowspan=\"9\">4<\/th>\n<td>\u00c9tica y Deontolog\u00eda<\/td>\n<td style=\"text-align: center;\">Cuatrimestral<\/td>\n<\/tr>\n<tr style=\"background-color: rgba(200,50,80, 0.2);\">\n<td>Educaci\u00f3n Sexual Integral<\/td>\n<td style=\"text-align: center;\">Cuatrimestral<\/td>\n<\/tr>\n<tr style=\"background-color: rgba(200,50,80, 0.2);\">\n<td>Espacio de Definici\u00f3n Institucional<\/td>\n<td style=\"text-align: center;\">Cuatrimestral<\/td>\n<\/tr>\n<tr style=\"background-color: rgba(200,50,80, 0.2);\">\n<td>Lengua-Cultura Inglesa IV<\/td>\n<td style=\"text-align: center;\">Anual<\/td>\n<\/tr>\n<tr style=\"background-color: rgba(200,50,80, 0.2);\">\n<td>Ling\u00fc\u00edstica Moderna II<\/td>\n<td style=\"text-align: center;\">Anual<\/td>\n<\/tr>\n<tr style=\"background-color: rgba(200,50,80, 0.2);\">\n<td>Fon\u00e9tica y fonolog\u00eda III<\/td>\n<td style=\"text-align: center;\">Anual<\/td>\n<\/tr>\n<tr style=\"background-color: rgba(200,50,80, 0.2);\">\n<td>Literatura Inglesa y Angl\u00f3fona II<\/td>\n<td style=\"text-align: center;\">Anual<\/td>\n<\/tr>\n<tr style=\"background-color: rgba(200,50,80, 0.2);\">\n<td>Ingl\u00e9s con prop\u00f3sitos espec\u00edficos (ESP)<\/td>\n<td style=\"text-align: center;\">Anual<\/td>\n<\/tr>\n<tr style=\"background-color: rgba(200,50,80, 0.2);\">\n<td>Residencia en Educaci\u00f3n Secundaria<\/td>\n<td style=\"text-align: center;\">Anual<\/td>\n<\/tr>\n<\/tbody>\n<\/table>\n<p><a href=\"https:\/\/ifdccavero-lrj.infd.edu.ar\/sitio\/wp-content\/uploads\/2021\/11\/Cuadro_de_correlativades_Res._1548-19.pdf\">Descargar Cuadro de Correlatividades<\/a>.<\/p>\n<footer>\n<p style=\"font-size:0.6em\">Image author:<a href=\"https:\/\/www.deviantart.com\/jw-jeong\/art\/Shakespeare-351791890\">JW-Jeong<\/a><\/p>\n<\/footer>\n","protected":false},"excerpt":{"rendered":"<p>A\u00f1o Espacio Curricular R\u00e9gimen de Cursado 1 Pedagog\u00eda Anual Filosof\u00eda Cuatrimestral Taller de Lectura y Escritura Acad\u00e9mica Anual Practica I: Introducci\u00f3n a la realidad educativa de las instituciones y sus contextos Anual Lengua-Cultura Inglesa I Anual Gram\u00e1tica Inglesa I Anual Introducci\u00f3n a la Fon\u00e9tica y la Fonolog\u00eda Anual Problem\u00e1ticas de la Educaci\u00f3n Cuatrimestral Taller de &#8230; <a title=\"Plan de estudios\" class=\"read-more\" href=\"https:\/\/ifdccavero-lrj.infd.edu.ar\/sitio\/plan-de-estudios-2015\/\" aria-label=\"More on Plan de estudios\">[+]<\/a><\/p>\n","protected":false},"author":447,"featured_media":0,"parent":0,"menu_order":0,"comment_status":"closed","ping_status":"closed","template":"","meta":[],"acf":[],"_links":{"self":[{"href":"https:\/\/ifdccavero-lrj.infd.edu.ar\/sitio\/wp-json\/wp\/v2\/pages\/882"}],"collection":[{"href":"https:\/\/ifdccavero-lrj.infd.edu.ar\/sitio\/wp-json\/wp\/v2\/pages"}],"about":[{"href":"https:\/\/ifdccavero-lrj.infd.edu.ar\/sitio\/wp-json\/wp\/v2\/types\/page"}],"author":[{"embeddable":true,"href":"https:\/\/ifdccavero-lrj.infd.edu.ar\/sitio\/wp-json\/wp\/v2\/users\/447"}],"replies":[{"embeddable":true,"href":"https:\/\/ifdccavero-lrj.infd.edu.ar\/sitio\/wp-json\/wp\/v2\/comments?post=882"}],"version-history":[{"count":4,"href":"https:\/\/ifdccavero-lrj.infd.edu.ar\/sitio\/wp-json\/wp\/v2\/pages\/882\/revisions"}],"predecessor-version":[{"id":1155,"href":"https:\/\/ifdccavero-lrj.infd.edu.ar\/sitio\/wp-json\/wp\/v2\/pages\/882\/revisions\/1155"}],"wp:attachment":[{"href":"https:\/\/ifdccavero-lrj.infd.edu.ar\/sitio\/wp-json\/wp\/v2\/media?parent=882"}],"curies":[{"name":"wp","href":"https:\/\/api.w.org\/{rel}","templated":true}]}}