{"id":870,"date":"2018-06-29T18:08:39","date_gmt":"2018-06-29T21:08:39","guid":{"rendered":"https:\/\/ifdccavero-lrj.infd.edu.ar\/sitio\/escuelas-asociadas\/"},"modified":"2022-11-12T20:30:56","modified_gmt":"2022-11-12T23:30:56","slug":"escuelas-asociadas","status":"publish","type":"page","link":"https:\/\/ifdccavero-lrj.infd.edu.ar\/sitio\/escuelas-asociadas\/","title":{"rendered":"Escuelas asociadas"},"content":{"rendered":"<p class=\"MsoNormal\">\n<p class=\"MsoNormal\">\n<p class=\"MsoNormal\" style=\"text-align: justify; text-indent: 36pt;\"><img decoding=\"async\" loading=\"lazy\" src=\"https:\/\/ifdccavero-lrj.infd.edu.ar\/sitio\/wp-content\/uploads\/2018\/06\/FOTOS_PRACTICANTES.jpg\" width=\"229\" height=\"173\" border=\"0\" \/> \u00a0 \u00a0 \u00a0 \u00a0 <img decoding=\"async\" loading=\"lazy\" src=\"https:\/\/ifdccavero-lrj.infd.edu.ar\/sitio\/wp-content\/uploads\/2018\/06\/PICTURE1610_035.jpg\" width=\"206\" height=\"171\" border=\"0\" \/><\/p>\n<p class=\"MsoNormal\" style=\"text-align: justify; text-indent: 36pt;\"><span style=\"font-size: 10pt;\"><span style=\"font-family: verdana,geneva;\"><span lang=\"ES\">La complejidad de la pr\u00e1ctica docente requiere de espacios de interacci\u00f3n que faciliten el acceso a las aulas de los practicantes del ISFD. <\/span><\/span><\/span><\/p>\n<p class=\"MsoNormal\" style=\"text-align: justify; text-indent: 36pt;\"><span style=\"font-size: 10pt;\"><span style=\"font-family: verdana,geneva;\"><span lang=\"ES\">Las pr\u00e1cticas docentes se conciben dentro de un espacio de construcci\u00f3n com\u00fan en el que no s\u00f3lo participan los profesores a cargo de la Pr\u00e1ctica y Residencia Docente de los institutos de formaci\u00f3n y los alumnos practicantes, sino tambi\u00e9n los profesores en ejercicio en cursos de Nivel Inicial, EGB 1 y 2 (primaria), EGB3 y Educaci\u00f3n Polimodal (secundaria) y las instituciones educativas donde \u00e9stos desarrollan su labor docente.\u00a0<\/span><\/span><\/span><\/p>\n<p class=\"MsoBodyTextIndent\" style=\"text-align: justify;\"><span style=\"font-size: 10pt;\"><span style=\"font-family: verdana,geneva;\"><span lang=\"ES\">\u00a0\u00a0\u00a0\u00a0\u00a0\u00a0\u00a0\u00a0 El trabajo docente dentro de las instituciones, sean \u00e9stas institutos formadores o escuelas colaborativas, supone diferentes dimensiones que se entrecruzan:<\/span><\/span><\/span><\/p>\n<p class=\"MsoNormal\" style=\"margin-left: 79.5pt; text-align: justify; text-indent: -43.5pt;\"><span style=\"font-size: 10pt;\"><span style=\"font-family: verdana,geneva;\"><span lang=\"ES\">&#8211;<\/span><span lang=\"ES\">Los saberes de los docentes<\/span><\/span><\/span><\/p>\n<p class=\"MsoNormal\" style=\"margin-left: 79.5pt; text-align: justify; text-indent: -43.5pt;\"><span style=\"font-size: 10pt;\"><span style=\"font-family: verdana,geneva;\"><span lang=\"ES\">&#8211;<\/span><span lang=\"ES\">La normativa institucional<\/span><\/span><\/span><\/p>\n<p class=\"MsoNormal\" style=\"margin-left: 79.5pt; text-align: justify; text-indent: -43.5pt;\"><span style=\"font-size: 10pt;\"><span style=\"font-family: verdana,geneva;\"><span lang=\"ES\">&#8211;<\/span><span lang=\"ES\">Las condiciones f\u00edsicas y los recursos<\/span><\/span><\/span><\/p>\n<p class=\"MsoNormal\" style=\"margin-left: 79.5pt; text-align: justify; text-indent: -43.5pt;\"><span style=\"font-size: 10pt;\"><span style=\"font-family: verdana,geneva;\"><span lang=\"ES\">&#8211;<\/span><span lang=\"ES\">Las biograf\u00edas personales<\/span><\/span><\/span><\/p>\n<p class=\"MsoNormal\" style=\"margin-left: 79.5pt; text-align: justify; text-indent: -43.5pt;\"><span style=\"font-size: 10pt;\"><span style=\"font-family: verdana,geneva;\"><span lang=\"ES\">&#8211;<\/span><span lang=\"ES\">El contexto socio-cultural<\/span><\/span><\/span><\/p>\n<p class=\"MsoNormal\" style=\"text-align: justify;\"><span style=\"font-size: 10pt;\"><span style=\"font-family: verdana,geneva;\"><span lang=\"ES\">Las instituciones educativas que participan de este proceso, en el \u00e1mbito de influencia del ISFD son:<\/span><\/span><\/span><\/p>\n<ul>\n<li>\n<div class=\"MsoNormal\" style=\"text-align: justify;\"><span style=\"font-size: 10pt;\"><span style=\"font-family: verdana,geneva;\"><span lang=\"ES\">Centro Polivalente de Arte<\/span><\/span><\/span><\/div>\n<\/li>\n<li>\n<div class=\"MsoNormal\" style=\"text-align: justify;\"><span style=\"font-size: 10pt;\"><span style=\"font-family: verdana,geneva;\"><span lang=\"ES\">Escuela Normal \u00abJoaqu\u00edn V. Gonz\u00e1lez<\/span><\/span><\/span><\/div>\n<\/li>\n<li>\n<div class=\"MsoNormal\" style=\"text-align: justify;\"><span style=\"font-size: 10pt;\"><span style=\"font-family: verdana,geneva;\"><span lang=\"ES\">EPET N\u00ba1 \u00ab\u00c1ngel Vicente Pe\u00f1aloza\u00bb<\/span><\/span><\/span><\/div>\n<\/li>\n<li>\n<div class=\"MsoNormal\" style=\"text-align: justify;\"><span style=\"font-size: 10pt;\"><span style=\"font-family: verdana,geneva;\"><span lang=\"ES\">EPET N\u00ba 2 \u00abPaula Albarrac\u00edn de Sarmiento\u00bb<\/span><\/span><\/span><\/div>\n<\/li>\n<li>\n<div class=\"MsoNormal\" style=\"text-align: justify;\"><span style=\"font-size: 10pt;\"><span style=\"font-family: verdana,geneva;\"><span lang=\"ES\">Colegio Secundario de Malligasta<\/span><\/span><\/span><\/div>\n<\/li>\n<li>\n<div class=\"MsoNormal\" style=\"text-align: justify;\"><span style=\"font-size: 10pt;\"><span style=\"font-family: verdana,geneva;\"><span lang=\"ES\">Colegio Secundario de Vichigasta<\/span><\/span><\/span><\/div>\n<\/li>\n<li>\n<div class=\"MsoNormal\" style=\"text-align: justify;\"><span style=\"font-size: 10pt;\"><span style=\"font-family: verdana,geneva;\"><span lang=\"ES\">Escuela de Comercio de Nonogasta<\/span><\/span><\/span><\/div>\n<\/li>\n<\/ul>\n<p class=\"MsoNormal\" style=\"text-align: justify;\">\n","protected":false},"excerpt":{"rendered":"<p>\u00a0 \u00a0 \u00a0 \u00a0 La complejidad de la pr\u00e1ctica docente requiere de espacios de interacci\u00f3n que faciliten el acceso a las aulas de los practicantes del ISFD. Las pr\u00e1cticas docentes se conciben dentro de un espacio de construcci\u00f3n com\u00fan en el que no s\u00f3lo participan los profesores a cargo de la Pr\u00e1ctica y Residencia Docente &#8230; <a title=\"Escuelas asociadas\" class=\"read-more\" href=\"https:\/\/ifdccavero-lrj.infd.edu.ar\/sitio\/escuelas-asociadas\/\" aria-label=\"More on Escuelas asociadas\">[+]<\/a><\/p>\n","protected":false},"author":447,"featured_media":0,"parent":0,"menu_order":0,"comment_status":"closed","ping_status":"closed","template":"","meta":[],"acf":[],"_links":{"self":[{"href":"https:\/\/ifdccavero-lrj.infd.edu.ar\/sitio\/wp-json\/wp\/v2\/pages\/870"}],"collection":[{"href":"https:\/\/ifdccavero-lrj.infd.edu.ar\/sitio\/wp-json\/wp\/v2\/pages"}],"about":[{"href":"https:\/\/ifdccavero-lrj.infd.edu.ar\/sitio\/wp-json\/wp\/v2\/types\/page"}],"author":[{"embeddable":true,"href":"https:\/\/ifdccavero-lrj.infd.edu.ar\/sitio\/wp-json\/wp\/v2\/users\/447"}],"replies":[{"embeddable":true,"href":"https:\/\/ifdccavero-lrj.infd.edu.ar\/sitio\/wp-json\/wp\/v2\/comments?post=870"}],"version-history":[{"count":2,"href":"https:\/\/ifdccavero-lrj.infd.edu.ar\/sitio\/wp-json\/wp\/v2\/pages\/870\/revisions"}],"predecessor-version":[{"id":1174,"href":"https:\/\/ifdccavero-lrj.infd.edu.ar\/sitio\/wp-json\/wp\/v2\/pages\/870\/revisions\/1174"}],"wp:attachment":[{"href":"https:\/\/ifdccavero-lrj.infd.edu.ar\/sitio\/wp-json\/wp\/v2\/media?parent=870"}],"curies":[{"name":"wp","href":"https:\/\/api.w.org\/{rel}","templated":true}]}}