{"id":859,"date":"2018-06-29T18:08:35","date_gmt":"2018-06-29T21:08:35","guid":{"rendered":"https:\/\/ifdccavero-lrj.infd.edu.ar\/sitio\/autoridades\/"},"modified":"2024-05-19T11:22:01","modified_gmt":"2024-05-19T14:22:01","slug":"autoridades","status":"publish","type":"page","link":"https:\/\/ifdccavero-lrj.infd.edu.ar\/sitio\/autoridades\/","title":{"rendered":"Autoridades"},"content":{"rendered":"<h1><span style=\"font-size: 14pt; font-family: book antiqua,palatino;\"><span style=\"color: #000000;\">Autoridades del ISFD<\/span><\/span><\/h1>\n<p><strong>Directora<\/strong>: Lic. Nora Nancy Moya<\/p>\n<p><strong>Secretaria<\/strong>: Viviana Torrens<\/p>\n<p><strong>Jefe de Departamento de Formaci\u00f3n Inicial<\/strong>: Prof. Edgar R. Pintos<\/p>\n<p><strong>Jefa de Departamento de Formaci\u00f3n Continua<\/strong>: Mg. Gabriela Pedroza<\/p>\n<p><strong>Jefe de Departamento de Investigaci\u00f3n<\/strong>: Mg. Elizabeth Barrios<\/p>\n<p><strong>Coordinadora del Profesorado en Letras<\/strong>:\u00a0 Prof. Susana Mart\u00ednez<\/p>\n<p><strong>Coordinadora del Profesorado en Ingl\u00e9s<\/strong>: Prof. Florencia Gonz\u00e1lez Allende<\/p>\n<p><strong>Coordinador del Profesorado de M\u00fasica<\/strong>: Prof. Liliana Stuchi<\/p>\n<h2><\/h2>\n","protected":false},"excerpt":{"rendered":"<p>Autoridades del ISFD Directora: Lic. Nora Nancy Moya Secretaria: Viviana Torrens Jefe de Departamento de Formaci\u00f3n Inicial: Prof. Edgar R. Pintos Jefa de Departamento de Formaci\u00f3n Continua: Mg. Gabriela Pedroza Jefe de Departamento de Investigaci\u00f3n: Mg. Elizabeth Barrios Coordinadora del Profesorado en Letras:\u00a0 Prof. Susana Mart\u00ednez Coordinadora del Profesorado en Ingl\u00e9s: Prof. Florencia Gonz\u00e1lez Allende &#8230; <a title=\"Autoridades\" class=\"read-more\" href=\"https:\/\/ifdccavero-lrj.infd.edu.ar\/sitio\/autoridades\/\" aria-label=\"More on Autoridades\">[+]<\/a><\/p>\n","protected":false},"author":447,"featured_media":0,"parent":0,"menu_order":0,"comment_status":"closed","ping_status":"closed","template":"","meta":[],"acf":[],"_links":{"self":[{"href":"https:\/\/ifdccavero-lrj.infd.edu.ar\/sitio\/wp-json\/wp\/v2\/pages\/859"}],"collection":[{"href":"https:\/\/ifdccavero-lrj.infd.edu.ar\/sitio\/wp-json\/wp\/v2\/pages"}],"about":[{"href":"https:\/\/ifdccavero-lrj.infd.edu.ar\/sitio\/wp-json\/wp\/v2\/types\/page"}],"author":[{"embeddable":true,"href":"https:\/\/ifdccavero-lrj.infd.edu.ar\/sitio\/wp-json\/wp\/v2\/users\/447"}],"replies":[{"embeddable":true,"href":"https:\/\/ifdccavero-lrj.infd.edu.ar\/sitio\/wp-json\/wp\/v2\/comments?post=859"}],"version-history":[{"count":4,"href":"https:\/\/ifdccavero-lrj.infd.edu.ar\/sitio\/wp-json\/wp\/v2\/pages\/859\/revisions"}],"predecessor-version":[{"id":1186,"href":"https:\/\/ifdccavero-lrj.infd.edu.ar\/sitio\/wp-json\/wp\/v2\/pages\/859\/revisions\/1186"}],"wp:attachment":[{"href":"https:\/\/ifdccavero-lrj.infd.edu.ar\/sitio\/wp-json\/wp\/v2\/media?parent=859"}],"curies":[{"name":"wp","href":"https:\/\/api.w.org\/{rel}","templated":true}]}}