{"id":855,"date":"2018-06-29T18:08:34","date_gmt":"2018-06-29T21:08:34","guid":{"rendered":"https:\/\/ifdccavero-lrj.infd.edu.ar\/sitio\/plan-de-estudios\/"},"modified":"2022-11-12T20:32:40","modified_gmt":"2022-11-12T23:32:40","slug":"plan-de-estudios","status":"publish","type":"page","link":"https:\/\/ifdccavero-lrj.infd.edu.ar\/sitio\/plan-de-estudios\/","title":{"rendered":"Plan de estudios"},"content":{"rendered":"<div>\n<table style=\"color: Cornsilk; text-shadow: 0 0 5px Black; background-attachment: fixed; background-size: cover\" background=\"https:\/\/images-wixmp-ed30a86b8c4ca887773594c2.wixmp.com\/f\/bbd31774-8125-4403-a4b5-314fc2294477\/dbkywrt-52e21ffc-7f67-4400-9efa-e67198bfa40e.jpg\/v1\/fill\/w_1024,h_1366,q_75,strp\/the_providence_athenaeum___going_up__by_yesterdays_paper_dbkywrt-fullview.jpg?token=eyJ0eXAiOiJKV1QiLCJhbGciOiJIUzI1NiJ9.eyJzdWIiOiJ1cm46YXBwOjdlMGQxODg5ODIyNjQzNzNhNWYwZDQxNWVhMGQyNmUwIiwiaXNzIjoidXJuOmFwcDo3ZTBkMTg4OTgyMjY0MzczYTVmMGQ0MTVlYTBkMjZlMCIsIm9iaiI6W1t7ImhlaWdodCI6Ijw9MTM2NiIsInBhdGgiOiJcL2ZcL2JiZDMxNzc0LTgxMjUtNDQwMy1hNGI1LTMxNGZjMjI5NDQ3N1wvZGJreXdydC01MmUyMWZmYy03ZjY3LTQ0MDAtOWVmYS1lNjcxOThiZmE0MGUuanBnIiwid2lkdGgiOiI8PTEwMjQifV1dLCJhdWQiOlsidXJuOnNlcnZpY2U6aW1hZ2Uub3BlcmF0aW9ucyJdfQ.VuHwl8D1OaDG_1-09385_r8MPo76hyXjcaddOJUtky4\">\n<tbody>\n<tr>\n<th style=\"text-align: center\">  A\u00f1o  <\/th>\n<th style=\"text-align: center\">Espacio Curricular<\/th>\n<th style=\"text-align: center\">R\u00e9gimen  de Cursado<\/th>\n<\/tr>\n<tr style=\"background-color: rgba(215,223,223, 0.2)\">\n<th rowspan=\"8\" style=\"background-color: rgba(215,223,223, 0.2);text-align: center\">    1    <\/th>\n<td>Lectura y Escritura Acad\u00e9mica <\/td>\n<td style=\"text-align: center\"><\/td>\n<\/tr>\n<tr style=\"background-color: rgba(215,223,223, 0.2)\">\n<td>Pedagog\u00eda<\/td>\n<td style=\"text-align: center\"><\/td>\n<\/tr>\n<tr style=\"background-color: rgba(215,223,223, 0.2)\">\n<td>Filosof\u00eda <\/td>\n<td style=\"text-align: center\"><\/td>\n<\/tr>\n<tr style=\"background-color: rgba(215,223,223, 0.2)\">\n<td>Ling\u00fc\u00edstica I <\/td>\n<td style=\"text-align: center\"><\/td>\n<\/tr>\n<tr style=\"background-color: rgba(215,223,223, 0.2)\">\n<td>Introducci\u00f3n a la Literatura <\/td>\n<td style=\"text-align: center\"><\/td>\n<\/tr>\n<tr style=\"background-color: rgba(215,223,223, 0.2)\">\n<td>Literatura Cl\u00e1sica Grecolatina<\/td>\n<td style=\"text-align: center\"><\/td>\n<\/tr>\n<tr style=\"background-color: rgba(215,223,223, 0.2)\">\n<td>Problem\u00e1tica de la Educaci\u00f3n Secundaria<\/td>\n<td style=\"text-align: center\"><\/td>\n<\/tr>\n<tr style=\"background-color: rgba(215,223,223, 0.2)\">\n<td>Pr\u00e1ctica I: Introducci\u00f3n a la Realidad Educativa de las Instituciones y sus Contextos<\/td>\n<td style=\"text-align: center\"><\/td>\n<\/tr>\n<tr style=\"background-color: rgba(200,127,80, 0.5)\">\n<th rowspan=\"9\" style=\"background-color: rgba(200,127,80, 0.5);text-align: center\">  2  <\/th>\n<td>Psicolog\u00eda Educacional<\/td>\n<td style=\"text-align: center\"><\/td>\n<\/tr>\n<tr style=\"background-color: rgba(200,127,80, 0.5)\">\n<td>Did\u00e1ctica General<\/td>\n<td style=\"text-align: center\"><\/td>\n<\/tr>\n<tr style=\"background-color: rgba(200,127,80, 0.5)\">\n<td>Lenguaje Multimedial<\/td>\n<td style=\"text-align: center\"><\/td>\n<\/tr>\n<tr style=\"background-color: rgba(200,127,80, 0.5)\">\n<td>Gram\u00e1tica I <\/td>\n<td style=\"text-align: center\"><\/td>\n<\/tr>\n<tr style=\"background-color: rgba(200,127,80, 0.5)\">\n<td>Ling\u00fc\u00edstica II<\/td>\n<td style=\"text-align: center\"><\/td>\n<\/tr>\n<tr style=\"background-color: rgba(200,127,80, 0.5)\">\n<td>Literatura Latinoamericana<\/td>\n<td style=\"text-align: center\"><\/td>\n<\/tr>\n<tr style=\"background-color: rgba(200,127,80, 0.5)\">\n<td>Sujetos de la Educaci\u00f3n Secundaria<\/td>\n<td style=\"text-align: center\"><\/td>\n<\/tr>\n<tr style=\"background-color: rgba(200,127,80, 0.5)\">\n<td>Did\u00e1ctica de la Lengua y la Literatura I <\/td>\n<td style=\"text-align: center\"><\/td>\n<\/tr>\n<tr style=\"background-color: rgba(200,127,80, 0.5)\">\n<td>Pr\u00e1ctica II. Organizaci\u00f3n de la Tarea Docente y Coordinaci\u00f3n de Grupos de Aprendizaje<\/td>\n<td style=\"text-align: center\"><\/td>\n<\/tr>\n<tr style=\"background-color: rgba(120,100,80, 0.5)\">\n<th rowspan=\"9\" style=\"background-color: rgba(120,100,80, 0.5);text-align: center\">3<\/th>\n<td>Histor\u00eda y Pol\u00edtica de la Educaci\u00f3n Argentina<\/td>\n<td style=\"text-align: center\"><\/td>\n<\/tr>\n<tr style=\"background-color: rgba(120,100,80, 0.5)\">\n<td>Investigaci\u00f3n Educativa<\/td>\n<td style=\"text-align: center\"><\/td>\n<\/tr>\n<tr style=\"background-color: rgba(120,100,80, 0.5)\">\n<td>Sociolog\u00eda de la Educaci\u00f3n <\/td>\n<td style=\"text-align: center\"><\/td>\n<\/tr>\n<tr style=\"background-color: rgba(120,100,80, 0.5)\">\n<td>Gram\u00e1tica II<\/td>\n<td style=\"text-align: center\"><\/td>\n<\/tr>\n<tr style=\"background-color: rgba(120,100,80, 0.5)\">\n<td>Literatura argentina<\/td>\n<td style=\"text-align: center\"><\/td>\n<\/tr>\n<tr style=\"background-color: rgba(120,100,80, 0.5)\">\n<td>Taller: Oralidad, Lectura y Escritua<\/td>\n<td style=\"text-align: center\"><\/td>\n<\/tr>\n<tr style=\"background-color: rgba(120,100,80, 0.5)\">\n<td>Did\u00e1ctica de la Lengua y Literatura II<\/td>\n<td style=\"text-align: center\"><\/td>\n<\/tr>\n<tr style=\"background-color: rgba(120,100,80, 0.5)\">\n<td>An\u00e1lisis del Discurso<\/td>\n<td style=\"text-align: center\"><\/td>\n<\/tr>\n<tr style=\"background-color: rgba(120,100,80, 0.5)\">\n<td>Pr\u00e1ctica III: Programaci\u00f3n Evaluaci\u00f3n de los aprendizajes<\/td>\n<td style=\"text-align: center\"><\/td>\n<\/tr>\n<tr style=\"background-color: rgba(200,50,80, 0.2)\">\n<th rowspan=\"9\" ;style=\"text-align: center\">4<\/th>\n<td>Educaci\u00f3n Sexual Integral<\/td>\n<td style=\"text-align: center\"><\/td>\n<\/tr>\n<tr style=\"background-color: rgba(200,50,80, 0.2)\">\n<td>Espacio de Definici\u00f3n Institucional (CFG)<\/td>\n<td style=\"text-align: center\"><\/td>\n<\/tr>\n<tr style=\"background-color: rgba(200,50,80, 0.2)\">\n<td>\u00c9tica y Deontolog\u00eda Docente<\/td>\n<td style=\"text-align: center\"><\/td>\n<\/tr>\n<tr style=\"background-color: rgba(200,50,80, 0.2)\">\n<td>Historia de la lengua<\/td>\n<td style=\"text-align: center\"><\/td>\n<\/tr>\n<tr style=\"background-color: rgba(200,50,80, 0.2)\">\n<td>Teor\u00eda y cr\u00edtica literaria<\/td>\n<td style=\"text-align: center\"><\/td>\n<\/tr>\n<tr style=\"background-color: rgba(200,50,80, 0.2)\">\n<td>Literatura espa\u00f1ola<\/td>\n<td style=\"text-align: center\"><\/td>\n<\/tr>\n<tr style=\"background-color: rgba(200,50,80, 0.2)\">\n<td>Taller: Literatura para ni\u00f1os y j\u00f3venes<\/td>\n<td style=\"text-align: center\"><\/td>\n<\/tr>\n<tr style=\"background-color: rgba(200,50,80, 0.2)\">\n<td>Espacio de definici\u00f3n institucional<\/td>\n<td style=\"text-align: center\"><\/td>\n<\/tr>\n<tr style=\"background-color: rgba(200,50,80, 0.2)\">\n<td>Pr\u00e1ctica IV: Residencia<\/td>\n<td style=\"text-align: center\"><\/td>\n<\/tr>\n<\/tbody>\n<\/table>\n<\/div>\n<p><a href=\"https:\/\/ifdccavero-lrj.infd.edu.ar\/sitio\/wp-content\/uploads\/2021\/11\/Resolucion-MECyT-No-1549-19-Correl-PROF-DE-EDUCACION-SEC-EN-L-1.pdf\">Descargar Correlatividades<\/a><\/p>\n<p><\/p>\n\n\n<p><footer>\n<p style=\"font-size:0.6em\">Autor\u00eda de imagen:<a href=\"https:\/\/www.deviantart.com\/yesterdays-paper\/art\/The-Providence-Athenaeum-Going-UP-700349033\">Yesterdays-Paper<\/a><\/p>\n<\/footer><\/p>\n","protected":false},"excerpt":{"rendered":"<p>A\u00f1o Espacio Curricular R\u00e9gimen de Cursado 1 Lectura y Escritura Acad\u00e9mica Pedagog\u00eda Filosof\u00eda Ling\u00fc\u00edstica I Introducci\u00f3n a la Literatura Literatura Cl\u00e1sica Grecolatina Problem\u00e1tica de la Educaci\u00f3n Secundaria Pr\u00e1ctica I: Introducci\u00f3n a la Realidad Educativa de las Instituciones y sus Contextos 2 Psicolog\u00eda Educacional Did\u00e1ctica General Lenguaje Multimedial Gram\u00e1tica I Ling\u00fc\u00edstica II Literatura Latinoamericana Sujetos de &#8230; <a title=\"Plan de estudios\" class=\"read-more\" href=\"https:\/\/ifdccavero-lrj.infd.edu.ar\/sitio\/plan-de-estudios\/\" aria-label=\"More on Plan de estudios\">[+]<\/a><\/p>\n","protected":false},"author":447,"featured_media":0,"parent":0,"menu_order":0,"comment_status":"closed","ping_status":"closed","template":"","meta":[],"acf":[],"_links":{"self":[{"href":"https:\/\/ifdccavero-lrj.infd.edu.ar\/sitio\/wp-json\/wp\/v2\/pages\/855"}],"collection":[{"href":"https:\/\/ifdccavero-lrj.infd.edu.ar\/sitio\/wp-json\/wp\/v2\/pages"}],"about":[{"href":"https:\/\/ifdccavero-lrj.infd.edu.ar\/sitio\/wp-json\/wp\/v2\/types\/page"}],"author":[{"embeddable":true,"href":"https:\/\/ifdccavero-lrj.infd.edu.ar\/sitio\/wp-json\/wp\/v2\/users\/447"}],"replies":[{"embeddable":true,"href":"https:\/\/ifdccavero-lrj.infd.edu.ar\/sitio\/wp-json\/wp\/v2\/comments?post=855"}],"version-history":[{"count":7,"href":"https:\/\/ifdccavero-lrj.infd.edu.ar\/sitio\/wp-json\/wp\/v2\/pages\/855\/revisions"}],"predecessor-version":[{"id":1159,"href":"https:\/\/ifdccavero-lrj.infd.edu.ar\/sitio\/wp-json\/wp\/v2\/pages\/855\/revisions\/1159"}],"wp:attachment":[{"href":"https:\/\/ifdccavero-lrj.infd.edu.ar\/sitio\/wp-json\/wp\/v2\/media?parent=855"}],"curies":[{"name":"wp","href":"https:\/\/api.w.org\/{rel}","templated":true}]}}