{"id":851,"date":"2018-06-29T18:08:32","date_gmt":"2018-06-29T21:08:32","guid":{"rendered":"https:\/\/ifdccavero-lrj.infd.edu.ar\/sitio\/datos-de-contacto\/"},"modified":"2022-11-12T20:14:45","modified_gmt":"2022-11-12T23:14:45","slug":"datos-de-contacto","status":"publish","type":"page","link":"https:\/\/ifdccavero-lrj.infd.edu.ar\/sitio\/datos-de-contacto\/","title":{"rendered":"Datos de contacto"},"content":{"rendered":"<p><iframe src=\"https:\/\/www.google.com\/maps\/embed?pb=!1m18!1m12!1m3!1d1626.3564085736666!2d-67.50728668094844!3d-29.16239347889266!2m3!1f0!2f0!3f0!3m2!1i1024!2i768!4f13.1!3m3!1m2!1s0x969d6533c085c007%3A0xb5227855a72b9ca!2sInstituto%20Superior%20de%20Formaci%C3%B3n%20Docente%20(ISFD)%20%22Profesor%20Alberto%20Gregorio%20Cavero%22!5e1!3m2!1ses-419!2sar!4v1668294649424!5m2!1ses-419!2sar\" style=\"border:0;\" allowfullscreen=\"\" loading=\"lazy\" referrerpolicy=\"no-referrer-when-downgrade\" width=\"800\" height=\"600\"><\/iframe><\/p>\n<ul>\n<li><span style=\"font-family: verdana,geneva; font-size: 14pt;\">Horarios de atenci\u00f3n: de 19 a 23 hs<\/span><\/li>\n<li><span style=\"font-family: verdana,geneva; font-size: 14pt;\">Direcci\u00f3n: Castro Barros 775<\/span><\/li>\n<li><span style=\"font-family: verdana,geneva; font-size: 14pt;\">Tel\u00e9fono: 03825-429637<\/span><\/li>\n<li><span style=\"font-family: verdana,geneva; font-size: 14pt;\">E-mail de consultas: <a href=\"mailto:isfdcaverochilecito@yahoo.com.ar\">isfdcaverochilecito@yahoo.com.ar<\/a><\/span><\/li>\n<li><span style=\"font-size: 14pt;\">Facebook: <a title=\"IFDC Cavero\" href=\"https:\/\/www.facebook.com\/IFDCCavero\" target=\"_blank\" rel=\"noopener\">facebook.com\/IFDCCavero\/<\/a><\/span><span style=\"font-family: verdana; font-size: 10pt;\"><br \/>\n<\/span><\/li>\n<\/ul>\n","protected":false},"excerpt":{"rendered":"<p>Horarios de atenci\u00f3n: de 19 a 23 hs Direcci\u00f3n: Castro Barros 775 Tel\u00e9fono: 03825-429637 E-mail de consultas: isfdcaverochilecito@yahoo.com.ar Facebook: facebook.com\/IFDCCavero\/<\/p>\n","protected":false},"author":447,"featured_media":0,"parent":0,"menu_order":0,"comment_status":"closed","ping_status":"closed","template":"","meta":[],"acf":[],"_links":{"self":[{"href":"https:\/\/ifdccavero-lrj.infd.edu.ar\/sitio\/wp-json\/wp\/v2\/pages\/851"}],"collection":[{"href":"https:\/\/ifdccavero-lrj.infd.edu.ar\/sitio\/wp-json\/wp\/v2\/pages"}],"about":[{"href":"https:\/\/ifdccavero-lrj.infd.edu.ar\/sitio\/wp-json\/wp\/v2\/types\/page"}],"author":[{"embeddable":true,"href":"https:\/\/ifdccavero-lrj.infd.edu.ar\/sitio\/wp-json\/wp\/v2\/users\/447"}],"replies":[{"embeddable":true,"href":"https:\/\/ifdccavero-lrj.infd.edu.ar\/sitio\/wp-json\/wp\/v2\/comments?post=851"}],"version-history":[{"count":4,"href":"https:\/\/ifdccavero-lrj.infd.edu.ar\/sitio\/wp-json\/wp\/v2\/pages\/851\/revisions"}],"predecessor-version":[{"id":1168,"href":"https:\/\/ifdccavero-lrj.infd.edu.ar\/sitio\/wp-json\/wp\/v2\/pages\/851\/revisions\/1168"}],"wp:attachment":[{"href":"https:\/\/ifdccavero-lrj.infd.edu.ar\/sitio\/wp-json\/wp\/v2\/media?parent=851"}],"curies":[{"name":"wp","href":"https:\/\/api.w.org\/{rel}","templated":true}]}}