{"id":848,"date":"2018-06-29T18:08:31","date_gmt":"2018-06-29T21:08:31","guid":{"rendered":"https:\/\/ifdccavero-lrj.infd.edu.ar\/sitio\/ingreso-2018\/"},"modified":"2023-02-12T20:50:19","modified_gmt":"2023-02-12T23:50:19","slug":"ingreso","status":"publish","type":"page","link":"https:\/\/ifdccavero-lrj.infd.edu.ar\/sitio\/ingreso\/","title":{"rendered":"Ingreso"},"content":{"rendered":"<p align=\"justify\"><strong>ATENCI\u00d3N INGRESANTES 2023<\/strong><\/p>\n<p align=\"justify\"><strong>EL CURSO DE INGRESO INICIA EL 14\/02 A LAS 19 HS<\/strong><\/p>\n<p align=\"justify\">Para recibir informaci\u00f3n del ingreso\u00a0 agregarse a cada grupo de whatasapp haciendo click en el enlace de cada carrera:<\/p>\n<p><strong>Prof. Lengua y Literatura<\/strong><br \/><u><a href=\"https:\/\/chat.whatsapp.com\/HyMgLjYcCQ59aQCwubO29E\">https:\/\/chat.whatsapp.com\/HyMgLjYcCQ59aQCwubO29E<\/a><\/u><br \/>\u00a0<br \/><strong>Prof. Ingl\u00e9s<\/strong><br \/><u><a href=\"https:\/\/chat.whatsapp.com\/Go30ywboyENLajFDaAipQ5\">https:\/\/chat.whatsapp.com\/Go30ywboyENLajFDaAipQ5<\/a><\/u><br \/>\u00a0<br \/><strong>Prof. M\u00fasica<\/strong><br \/>\u00a0<u><a href=\"https:\/\/chat.whatsapp.com\/I2prsb1AaYHEggGaf3fyhW\">https:\/\/chat.whatsapp.com\/I2prsb1AaYHEggGaf3fyhW<\/a><\/u><br \/><strong>\u00a0<br \/>Prof. Artes Visuales<\/strong><br \/><u><a href=\"https:\/\/chat.whatsapp.com\/KWyXDymLZ68ClD4TmTfHSS\">https:\/\/chat.whatsapp.com\/KWyXDymLZ68ClD4TmTfHSS<\/a><\/u><\/p>\n<p>\u00a0<\/p>\n<p align=\"justify\">\u00a0<\/p>\n<p class=\"western\" align=\"justify\"><span style=\"color: #1f497d;\"><b>\u00bfQu\u00e9 carreras ofrece la instituci\u00f3n?<\/b><\/span><\/p>\n<p class=\"western\" align=\"justify\">\u00a0<span style=\"font-size: medium;\">Profesorado de Lengua y Literatura para nivel medio (secundario)<\/span><\/p>\n<p class=\"western\" align=\"justify\">\u00a0<span style=\"font-size: medium;\">Profesorado de Ingl\u00e9s para los 3 niveles obligatorios (Inicial, primario y secundario)<\/span><\/p>\n<p class=\"western\" align=\"justify\">\u00a0<span style=\"font-size: medium;\">Profesorado de M\u00fasica para los 3 niveles obligatorios (Inicial, primario y secundario)<\/span><\/p>\n<p class=\"western\" align=\"justify\">\u00a0<span style=\"font-size: medium;\">Profesorado de Artes Visuales para los 3 niveles obligatorios (inicial, primario y secundario)<\/span><\/p>\n<p class=\"western\"><span style=\"color: #1f497d;\"><span style=\"font-size: medium;\"><b>\u00bfD\u00f3nde debo inscribirme?<\/b><\/span><\/span><\/p>\n<p class=\"western\" align=\"justify\"><span style=\"font-size: medium;\">Para inscribirte deber\u00e1s dirigirte al ISFD que funciona en esquina calle Martin G\u00fcemes y Castro Barros (edificio de la escuela de Comercio, acceso sur<\/span><span style=\"font-size: medium;\">)<\/span><span style=\"font-size: medium;\">.<\/span><\/p>\n<p class=\"western\" align=\"justify\"><span style=\"font-size: medium;\">Biblioteca del local escolar 19:00 a 21:00 hs.<\/span><\/p>\n<p class=\"western\"><span style=\"color: #1f497d;\"><span style=\"font-size: medium;\"><b>\u00bfCu\u00e1les son las fechas para inscribirme?<\/b><\/span><\/span><\/p>\n<p class=\"western\"><span style=\"font-size: medium;\">15 y 16 de noviembre: Prof. en Lengua y Literatura.<\/span><\/p>\n<p class=\"western\"><span style=\"font-size: medium;\">17 y 18 de noviembre: Prof. en Ingl\u00e9s.<\/span><\/p>\n<p class=\"western\"><span style=\"font-size: medium;\">21 y 22 de noviembre: Prof. en M\u00fasica. <\/span><\/p>\n<p class=\"western\"><span style=\"font-size: medium;\">23 y 24 de noviembre: Prof. en Artes Visuales.<\/span><\/p>\n<p class=\"western\"><span style=\"color: #1f497d;\"><span style=\"font-size: medium;\"><b>\u00bfQu\u00e9 requisitos debo presentar?<\/b><\/span><\/span><\/p>\n<p class=\"western\"><span style=\"font-size: medium;\"><b>Si sos ingresante con titulo secundario deber\u00e1s presentar:<\/b><\/span><\/p>\n<ul>\n<li>\n<p><span style=\"font-size: medium;\">Correo electr\u00f3nico actualizado <\/span><\/p>\n<\/li>\n<li>\n<p><span style=\"font-size: medium;\">Fotocopia legalizada DNI (imagen clara a color del anverso y reverso)<\/span><\/p>\n<\/li>\n<li>\n<p><span style=\"font-size: medium;\">Fotocopia del Acta de nacimiento legalizada<\/span><\/p>\n<\/li>\n<li>\n<p><span style=\"font-size: medium;\">Titulo nivel secundario, constancia t\u00edtulo en tr\u00e1mite o de alumno regular de 5\u00b0 a\u00f1o donde consten las materias adeudadas \u2013 no pueden ser m\u00e1s de 2-.<\/span><\/p>\n<\/li>\n<li>\n<p><span style=\"font-size: medium;\">2 fotos tipo carnet.<\/span><\/p>\n<\/li>\n<li>\n<p><span style=\"font-size: medium;\">1 folio A4.<\/span><\/p>\n<\/li>\n<\/ul>\n<p class=\"western\"><span style=\"font-size: medium;\"><b>Si sos ingresante mayor de 25 a\u00f1os deber\u00e1s presentar la siguiente documentaci\u00f3n:<\/b><\/span><\/p>\n<ul>\n<li>\n<p><span style=\"font-size: medium;\">Correo electr\u00f3nico valido <\/span><\/p>\n<\/li>\n<li>\n<p><span style=\"font-size: medium;\">Fotocopia legalizada DNI (imagen clara a color del anverso y reverso)<\/span><\/p>\n<\/li>\n<li>\n<p><span style=\"font-size: medium;\">Acta de nacimiento legalizada.<\/span><\/p>\n<\/li>\n<li>\n<p><span style=\"font-size: medium;\">Curriculum Vitae que contenga certificaciones y antecedentes laborales y de capacitaci\u00f3n que tengan afinidad con la carrera elegida.<\/span><\/p>\n<\/li>\n<li>\n<p><span style=\"font-size: medium;\">Constancia laboral y\/o acad\u00e9mica que certifique la experiencia o conocimientos relativos a la carrera elegida.<\/span><\/p>\n<\/li>\n<li>\n<p><span style=\"font-size: medium;\">Formulario ingreso descargada desde la p\u00e1gina web. <\/span><\/p>\n<\/li>\n<li>\n<p><span style=\"font-size: medium;\">2 fotos tipo carnet.<\/span><\/p>\n<\/li>\n<li>\n<p><span style=\"font-size: medium;\">1 folio A4.<\/span><\/p>\n<\/li>\n<\/ul>\n<p align=\"justify\"><span style=\"font-size: medium;\">Antes de iniciar el curso de ingreso deber\u00e1s rendir un examen de competencias. La instituci\u00f3n te brindar\u00e1 el m\u00f3dulo con los contenidos y actividades que tendr\u00e1s que realizar.<\/span><\/p>\n<p class=\"western\" align=\"justify\"><span style=\"color: #1f497d;\"><span style=\"font-size: medium;\"><b>\u00bfCu\u00e1ndo realizo el curso de ingreso?<\/b><\/span><\/span><\/p>\n<p class=\"western\" align=\"justify\"><span style=\"font-size: medium;\">El ingreso se inicia en febrero, oportunamente se estar\u00e1 informando la fecha a trav\u00e9s de las redes. Los aspirantes deber\u00e1n acceder a un m\u00f3dulo de cursado, disponible virtualmente o impreso para sacar fotocopias.<\/span><\/p>\n<p class=\"western\" align=\"justify\"><span style=\"color: #1f497d;\"><span style=\"font-size: medium;\"><b>\u00bfQui\u00e9nes est\u00e1n eximidos del curso de ingreso?<\/b><\/span><\/span><\/p>\n<p class=\"western\" align=\"justify\"><span style=\"font-size: medium;\">De acuerdo a la normativa vigente est\u00e1n eximidos de realizar el curso de ingreso los aspirantes con t\u00edtulo docente, o aquellos que lo hayan cursado y aprobado dentro de los 2 a\u00f1os de antig\u00fcedad. Sin embargo si deber\u00e1 cursar los ejes relacionados con la orientaci\u00f3n de la carrera. El aspirante deber\u00e1 dejar constancia durante la inscripci\u00f3n que es docente mediante copia de titulo para el legajo personal.<\/span><\/p>\n<p class=\"western\" align=\"justify\"><span style=\"color: #1f497d;\"><span style=\"font-size: medium;\"><b>\u00bfPuedo solicitar equivalencias?<\/b><\/span><\/span><\/p>\n<p class=\"western\" align=\"justify\"><span style=\"font-size: medium;\">Cualquier ingresante puede solicitar equivalencias iniciando el tr\u00e1mite administrativo en el momento de la inscripci\u00f3n. Puede solicitarlo quienes tienen estudios terciarios o universitarios completos o incompletos. <\/span><\/p>\n<p class=\"western\" align=\"justify\"><span style=\"color: #1f497d;\"><span style=\"font-size: medium;\"><b>\u00bfPuedo cambiarme de carrera?<\/b><\/span><\/span><\/p>\n<p class=\"western\" align=\"justify\"><a name=\"_GoBack\"><\/a><span style=\"font-size: medium;\">Las\/los aspirantes que deciden cambiar su inscripci\u00f3n de una carrera a otra de otra, lo realizar\u00e1n durante el periodo de inscripciones, con cupo sujeto a disponibilidad de vacantes. <\/span><\/p>\n\n\n<p><\/p>\n","protected":false},"excerpt":{"rendered":"<p>ATENCI\u00d3N INGRESANTES 2023 EL CURSO DE INGRESO INICIA EL 14\/02 A LAS 19 HS Para recibir informaci\u00f3n del ingreso\u00a0 agregarse a cada grupo de whatasapp haciendo click en el enlace de cada carrera: Prof. Lengua y Literaturahttps:\/\/chat.whatsapp.com\/HyMgLjYcCQ59aQCwubO29E\u00a0Prof. Ingl\u00e9shttps:\/\/chat.whatsapp.com\/Go30ywboyENLajFDaAipQ5\u00a0Prof. M\u00fasica\u00a0https:\/\/chat.whatsapp.com\/I2prsb1AaYHEggGaf3fyhW\u00a0Prof. Artes Visualeshttps:\/\/chat.whatsapp.com\/KWyXDymLZ68ClD4TmTfHSS \u00a0 \u00a0 \u00bfQu\u00e9 carreras ofrece la instituci\u00f3n? \u00a0Profesorado de Lengua y Literatura para nivel &#8230; <a title=\"Ingreso\" class=\"read-more\" href=\"https:\/\/ifdccavero-lrj.infd.edu.ar\/sitio\/ingreso\/\" aria-label=\"More on Ingreso\">[+]<\/a><\/p>\n","protected":false},"author":447,"featured_media":0,"parent":0,"menu_order":0,"comment_status":"closed","ping_status":"closed","template":"","meta":[],"acf":[],"_links":{"self":[{"href":"https:\/\/ifdccavero-lrj.infd.edu.ar\/sitio\/wp-json\/wp\/v2\/pages\/848"}],"collection":[{"href":"https:\/\/ifdccavero-lrj.infd.edu.ar\/sitio\/wp-json\/wp\/v2\/pages"}],"about":[{"href":"https:\/\/ifdccavero-lrj.infd.edu.ar\/sitio\/wp-json\/wp\/v2\/types\/page"}],"author":[{"embeddable":true,"href":"https:\/\/ifdccavero-lrj.infd.edu.ar\/sitio\/wp-json\/wp\/v2\/users\/447"}],"replies":[{"embeddable":true,"href":"https:\/\/ifdccavero-lrj.infd.edu.ar\/sitio\/wp-json\/wp\/v2\/comments?post=848"}],"version-history":[{"count":6,"href":"https:\/\/ifdccavero-lrj.infd.edu.ar\/sitio\/wp-json\/wp\/v2\/pages\/848\/revisions"}],"predecessor-version":[{"id":1183,"href":"https:\/\/ifdccavero-lrj.infd.edu.ar\/sitio\/wp-json\/wp\/v2\/pages\/848\/revisions\/1183"}],"wp:attachment":[{"href":"https:\/\/ifdccavero-lrj.infd.edu.ar\/sitio\/wp-json\/wp\/v2\/media?parent=848"}],"curies":[{"name":"wp","href":"https:\/\/api.w.org\/{rel}","templated":true}]}}