{"id":1118,"date":"2022-11-01T12:59:05","date_gmt":"2022-11-01T15:59:05","guid":{"rendered":"https:\/\/ifdccavero-lrj.infd.edu.ar\/sitio\/?page_id=1118"},"modified":"2022-11-12T20:35:29","modified_gmt":"2022-11-12T23:35:29","slug":"plan-de-estudios-2","status":"publish","type":"page","link":"https:\/\/ifdccavero-lrj.infd.edu.ar\/sitio\/plan-de-estudios-2\/","title":{"rendered":"Plan de estudios"},"content":{"rendered":"<div>\n<table style=\"color: azure; text-shadow: 0 0 7px #801c1c; background-size: cover\" background=\"https:\/\/images-wixmp-ed30a86b8c4ca887773594c2.wixmp.com\/f\/a0388cbd-568b-46be-aab4-f6a13fff52e5\/dfaqx6z-c16e5f57-c675-4c57-b927-ab412f9f7102.jpg\/v1\/fill\/w_1280,h_3292,q_75,strp\/saturday20_by_petomandik_dfaqx6z-fullview.jpg?token=eyJ0eXAiOiJKV1QiLCJhbGciOiJIUzI1NiJ9.eyJzdWIiOiJ1cm46YXBwOjdlMGQxODg5ODIyNjQzNzNhNWYwZDQxNWVhMGQyNmUwIiwiaXNzIjoidXJuOmFwcDo3ZTBkMTg4OTgyMjY0MzczYTVmMGQ0MTVlYTBkMjZlMCIsIm9iaiI6W1t7ImhlaWdodCI6Ijw9MzI5MiIsInBhdGgiOiJcL2ZcL2EwMzg4Y2JkLTU2OGItNDZiZS1hYWI0LWY2YTEzZmZmNTJlNVwvZGZhcXg2ei1jMTZlNWY1Ny1jNjc1LTRjNTctYjkyNy1hYjQxMmY5ZjcxMDIuanBnIiwid2lkdGgiOiI8PTEyODAifV1dLCJhdWQiOlsidXJuOnNlcnZpY2U6aW1hZ2Uub3BlcmF0aW9ucyJdfQ.BDICKYuIwoEDKa9WZGLNxQ3dhAYMcfBXwN9AL5xjWr8\">\n<tbody>\n<tr>\n<th style=\"text-align: center\">A\u00f1o<\/th>\n<th style=\"text-align: center\">Espacio Curricular<\/th>\n<th style=\"text-align: center\">R\u00e9gimen  de Cursado<\/th>\n<\/tr>\n<tr>\n<th rowspan=\"11\" style=\"background-color: rgba(255,127,80, 0.7);text-align: center\">1<\/th>\n<td>Taller de Lectura y Escritura Acad\u00e9mica<\/td>\n<td style=\"text-align: center\">Anual<\/td>\n<\/tr>\n<tr>\n<td>Psicolog\u00eda Educacional<\/td>\n<td style=\"text-align: center\">2\u00b0 C.<\/td>\n<\/tr>\n<tr>\n<td>Pedagog\u00eda<\/td>\n<td style=\"text-align: center\">Anual<\/td>\n<\/tr>\n<tr>\n<td>Arte y Contexto I<\/td>\n<td style=\"text-align: center\">Anual<\/td>\n<\/tr>\n<tr>\n<td>Dibujo 1<\/td>\n<td style=\"text-align: center\">Anual<\/td>\n<\/tr>\n<tr>\n<td>Fundamentos del Lenguaje Visual 1<\/td>\n<td style=\"text-align: center\">Anual<\/td>\n<\/tr>\n<tr>\n<td>Pintura<\/td>\n<td style=\"text-align: center\">Anual<\/td>\n<\/tr>\n<tr>\n<td>Escultura<\/td>\n<td style=\"text-align: center\">Anual<\/td>\n<\/tr>\n<tr>\n<td>Sujetos de la Educaci\u00f3n Art\u00edstica<\/td>\n<td style=\"text-align: center\">Anual<\/td>\n<\/tr>\n<tr>\n<td>Problem\u00e1tica de la Educaci\u00f3n Art\u00edstica<\/td>\n<td style=\"text-align: center\">Anual<\/td>\n<\/tr>\n<tr>\n<td>Pr\u00e1ctica I<\/td>\n<td style=\"text-align: center\"><\/td>\n<\/tr>\n<tr>\n<th rowspan=\"10\" style=\"background-color: rgba(200,127,80, 0.5);text-align: center\">2<\/th>\n<td>Filosof\u00eda<\/td>\n<td style=\"text-align: center\">1\u00b0 C.<\/td>\n<\/tr>\n<tr>\n<td>Did\u00e1ctica General<\/td>\n<td style=\"text-align: center\">Anual<\/td>\n<\/tr>\n<tr>\n<td>TIC y Producci\u00f3n Multimedial<\/td>\n<td style=\"text-align: center\">Anual<\/td>\n<\/tr>\n<tr>\n<td>Arte y Contexto II<\/td>\n<td style=\"text-align: center\">Anual<\/td>\n<\/tr>\n<tr>\n<td>Dibujo II<\/td>\n<td style=\"text-align: center\">Anual<\/td>\n<\/tr>\n<tr>\n<td>Fundamentos de Lenguaje Visual II<\/td>\n<td style=\"text-align: center\">Anual<\/td>\n<\/tr>\n<tr>\n<td>Grabado<\/td>\n<td style=\"text-align: center\">Anual<\/td>\n<\/tr>\n<tr>\n<td>Tacer\u00e1mica<\/td>\n<td style=\"text-align: center\">Anual<\/td>\n<\/tr>\n<tr>\n<td>Did\u00e1ctica de la Educaci\u00f3n Pl\u00e1stica y Visual I<\/td>\n<td style=\"text-align: center\">Anual<\/td>\n<\/tr>\n<tr>\n<td>Pr\u00e1ctica II<\/td>\n<td style=\"text-align: center\">Anual<\/td>\n<\/tr>\n<tr>\n<th rowspan=\"9\" style=\"background-color: rgba(255,100,80, 0.7);text-align: center\">3<\/th>\n<td>Histor\u00eda y Pol\u00edtica de la Educaci\u00f3n Argentina<\/td>\n<td style=\"text-align: center\">2\u00b0 C.<\/td>\n<\/tr>\n<tr>\n<td>Investigaci\u00f3n educativa<\/td>\n<td style=\"text-align: center\">1\u00b0 C.<\/td>\n<\/tr>\n<tr>\n<td>Arte y Contexto III<\/td>\n<td style=\"text-align: center\">Anual<\/td>\n<\/tr>\n<tr>\n<td>Dibujo III<\/td>\n<td style=\"text-align: center\">Anual<\/td>\n<\/tr>\n<tr>\n<td>Fundamentos del Lenguaje Visual III<\/td>\n<td style=\"text-align: center\">Anual<\/td>\n<\/tr>\n<tr>\n<td>Arte y Tecnolog\u00eda<\/td>\n<td style=\"text-align: center\">Anual<\/td>\n<\/tr>\n<tr>\n<td>Arte Contempor\u00e1neo<\/td>\n<td style=\"text-align: center\"><\/td>\n<\/tr>\n<tr>\n<td>Did\u00e1ctica de la Educaci\u00f3n Pl\u00e1stica y Visual II<\/td>\n<td style=\"text-align: center\">2\u00b0 C.<\/td>\n<\/tr>\n<tr>\n<td>Residencia Pedag\u00f3gica en Nivel Inicial y Educaci\u00f3n Primaria<\/td>\n<td style=\"text-align: center\">Anual<\/td>\n<\/tr>\n<tr>\n<th rowspan=\"7\" style=\"background-color: rgba(200,50,80, 0.5);text-align: center\">4<\/th>\n<td>Taller ESI<\/td>\n<td style=\"text-align: center\">Anual<\/td>\n<\/tr>\n<tr>\n<td>Sociolog\u00eda de la Educaci\u00f3n<\/td>\n<td style=\"text-align: center\">1\u00b0 C.<\/td>\n<\/tr>\n<tr>\n<td>Seminario EDI<\/td>\n<td style=\"text-align: center\">2\u00b0 C.<\/td>\n<\/tr>\n<tr>\n<td>Arte y Contexto IV<\/td>\n<td style=\"text-align: center\">Anual<\/td>\n<\/tr>\n<tr>\n<td>Dibujo IV<\/td>\n<td style=\"text-align: center\">Anual<\/td>\n<\/tr>\n<tr>\n<td>Abordajes Interinstitucionales en la Educaci\u00f3n Art\u00edstica<\/td>\n<td style=\"text-align: center\">Anual<\/td>\n<\/tr>\n<tr>\n<td>Residencia Pedag\u00f3gica en Educaci\u00f3n Secundaria y Educaci\u00f3n No Formal<\/td>\n<td style=\"text-align: center\">Anual<\/td>\n<\/tr>\n<\/tbody>\n<\/table>\n<\/div>\n<p><a href=\"https:\/\/ifdccavero-lrj.infd.edu.ar\/sitio\/wp-content\/uploads\/2022\/11\/Disposicion-DGES-N\u00b0-9-22-Aprueba-Correlatividades-Profesorado-Artes-Visuales-1-1.pdf\">Descargar Resoluci\u00f3n<\/a><\/p>\n\n\n<p>\n<a href=\"https:\/\/www.deviantart.com\/petomandik\">Autora de la imagen de fondo<\/a>\n<\/p>\n","protected":false},"excerpt":{"rendered":"<p>A\u00f1o Espacio Curricular R\u00e9gimen de Cursado 1 Taller de Lectura y Escritura Acad\u00e9mica Anual Psicolog\u00eda Educacional 2\u00b0 C. Pedagog\u00eda Anual Arte y Contexto I Anual Dibujo 1 Anual Fundamentos del Lenguaje Visual 1 Anual Pintura Anual Escultura Anual Sujetos de la Educaci\u00f3n Art\u00edstica Anual Problem\u00e1tica de la Educaci\u00f3n Art\u00edstica Anual Pr\u00e1ctica I 2 Filosof\u00eda 1\u00b0 &#8230; <a title=\"Plan de estudios\" class=\"read-more\" href=\"https:\/\/ifdccavero-lrj.infd.edu.ar\/sitio\/plan-de-estudios-2\/\" aria-label=\"More on Plan de estudios\">[+]<\/a><\/p>\n","protected":false},"author":447,"featured_media":0,"parent":0,"menu_order":0,"comment_status":"closed","ping_status":"closed","template":"","meta":[],"acf":[],"_links":{"self":[{"href":"https:\/\/ifdccavero-lrj.infd.edu.ar\/sitio\/wp-json\/wp\/v2\/pages\/1118"}],"collection":[{"href":"https:\/\/ifdccavero-lrj.infd.edu.ar\/sitio\/wp-json\/wp\/v2\/pages"}],"about":[{"href":"https:\/\/ifdccavero-lrj.infd.edu.ar\/sitio\/wp-json\/wp\/v2\/types\/page"}],"author":[{"embeddable":true,"href":"https:\/\/ifdccavero-lrj.infd.edu.ar\/sitio\/wp-json\/wp\/v2\/users\/447"}],"replies":[{"embeddable":true,"href":"https:\/\/ifdccavero-lrj.infd.edu.ar\/sitio\/wp-json\/wp\/v2\/comments?post=1118"}],"version-history":[{"count":10,"href":"https:\/\/ifdccavero-lrj.infd.edu.ar\/sitio\/wp-json\/wp\/v2\/pages\/1118\/revisions"}],"predecessor-version":[{"id":1157,"href":"https:\/\/ifdccavero-lrj.infd.edu.ar\/sitio\/wp-json\/wp\/v2\/pages\/1118\/revisions\/1157"}],"wp:attachment":[{"href":"https:\/\/ifdccavero-lrj.infd.edu.ar\/sitio\/wp-json\/wp\/v2\/media?parent=1118"}],"curies":[{"name":"wp","href":"https:\/\/api.w.org\/{rel}","templated":true}]}}